{"id":1008,"date":"2025-11-06T11:14:19","date_gmt":"2025-11-06T10:14:19","guid":{"rendered":"https:\/\/laravital.com\/blog\/bf-2025-obrigado-por-te-inscreveres\/"},"modified":"2025-11-06T11:58:45","modified_gmt":"2025-11-06T10:58:45","slug":"bf-2025-obrigado-por-te-inscreveres","status":"publish","type":"page","link":"https:\/\/laravital.com\/blog\/pt-pt\/bf-2025-obrigado-por-te-inscreveres\/","title":{"rendered":"BF 2025 &#8211; Obrigado por te inscreveres"},"content":{"rendered":"\t\t<div data-elementor-type=\"wp-page\" data-elementor-id=\"1008\" class=\"elementor elementor-1008 elementor-993\" data-elementor-post-type=\"page\">\n\t\t\t\t<div class=\"elementor-element elementor-element-1031f3ba e-flex e-con-boxed e-con e-parent\" data-id=\"1031f3ba\" data-element_type=\"container\" data-settings=\"{&quot;background_background&quot;:&quot;classic&quot;}\">\n\t\t\t\t\t<div class=\"e-con-inner\">\n\t\t\t\t<div class=\"elementor-element elementor-element-305ae8f elementor-widget elementor-widget-image\" data-id=\"305ae8f\" data-element_type=\"widget\" data-widget_type=\"image.default\">\n\t\t\t\t<div class=\"elementor-widget-container\">\n\t\t\t\t\t\t\t\t\t\t\t\t\t\t\t<img decoding=\"async\" width=\"289\" height=\"71\" src=\"https:\/\/laravital.com\/blog\/wp-content\/uploads\/2023\/01\/logoBlanco.png\" class=\"attachment-large size-large wp-image-843\" alt=\"\" \/>\t\t\t\t\t\t\t\t\t\t\t\t\t\t\t<\/div>\n\t\t\t\t<\/div>\n\t\t\t\t<div class=\"elementor-element elementor-element-55b46704 elementor-widget elementor-widget-premium-divider\" data-id=\"55b46704\" data-element_type=\"widget\" data-widget_type=\"premium-divider.default\">\n\t\t\t\t<div class=\"elementor-widget-container\">\n\t\t\t\t\t\r\n\t\t<div class=\"premium-separator-divider-bg premium-separator-container premium-separator-div-bg-zigzag\" style=\"--pa-divider-bg: url(&quot;data:image\/svg+xml,%3Csvg xmlns=&#039;http:\/\/www.w3.org\/2000\/svg&#039; aria-hidden=&#039;true&#039; focusable=&#039;false&#039; preserveAspectRatio=&#039;none&#039; overflow=&#039;visible&#039; height=&#039;100%&#039; fill=&#039;none&#039; stroke=&#039;black&#039; stroke-linecap=&#039;square&#039; stroke-miterlimit=&#039;10&#039; stroke-width=&#039;2&#039; viewBox=&#039;0 0 24 24&#039;%3E%3Cpolyline points=&#039;0,18 12,6 24,18 &#039;\/%3E%3C\/svg%3E&quot;)\" data-settings=\"div-bg-zigzag\">\r\n\t\t\t<div class=\"premium-separator-wrapper\">\r\n\t\t\t\t<div class=\"premium-separator-wrapper-separator\">\r\n\t\t\t\t\t<div class=\"premium-separator-wrapper-separator-divider\">\r\n\t\t\t\t\t\t<div class=\"premium-separator-inner\">\r\n\t\t\t\t\t\t\t\r\n\t\t\t\t\t\t\t\t<div class=\"premium-separator-content-wrapper\">\r\n\t\t\t\t\t\t\t\t\t\t\t\t\t\t\t\t\t\t\t<div class=\"premium-separator-divider-left premium-separator-left-side premium-svg-nodraw\">\r\n\t\t\t\t\t\t\t\t\t\t\t<hr>\t\t\t\t\t\t\t\t\t\t<\/div>\r\n\t\t\t\t\t\t\t\t\t\r\n\t\t\t\t\t\t\t\t\t\t\t\t\t\t\t\t\t\t\t<div class=\"premium-separator-icon-container\">\r\n\r\n\t\t\t\t\t\t\t\t\t\t\t\t\t\t\t\t\t\t\t\t\t\t\t<div class=\"premium-separator-icon-wrap premium-separator-text-icon\">\r\n\t\t\t\t\t\t\t\t\t\t\t\t\t<h3 class=\"premium-separator-icon-text\">\r\n\t\t\t\t\t\t\t\t\t\t\t\t\t\tJUNTA-TE \u00c0 NOSSA LISTA\t\t\t\t\t\t\t\t\t\t\t\t\t<\/h3>\r\n\r\n\t\t\t\t\t\t\t\t\t\t\t\t<\/div>\r\n\t\t\t\t\t\t\t\t\t\t\t\r\n\t\t\t\t\t\t\t\t\t\t\t\t\t\t\t\t\t\t\t\t\t\t\t<div ><\/div>\r\n\t\t\t\t\t\t\t\t\t\t\t\t\t\t\t\t\t\t\t\t\t<\/div>\r\n\t\t\t\t\t\t\t\t\t\r\n\t\t\t\t\t\t\t\t\t\t\t\t\t\t\t\t\t\t\t<div class=\"premium-separator-divider-right premium-separator-right-side premium-svg-nodraw\">\r\n\t\t\t\t\t\t\t\t\t\t\t<hr>\t\t\t\t\t\t\t\t\t\t<\/div>\r\n\t\t\t\t\t\t\t\t\t\t\t\t\t\t\t\t\t<\/div>\r\n\r\n\t\t\t\t\t\t\t\r\n\t\t\t\t\t\t\t<\/div>\r\n\r\n\t\t\t\t\t\t<\/div>\r\n\r\n\t\t\t\t<\/div>\r\n\r\n\t\t\t\t<div class=\"premium-clearfix\"><\/div>\r\n\r\n\t\t\t<\/div>\r\n\r\n\t\t<\/div>\r\n\r\n\t\t\t\t\t\t<\/div>\n\t\t\t\t<\/div>\n\t\t\t\t<div class=\"elementor-element elementor-element-3257202d premium-header-block premium-lq__none premium-box-lq__none elementor-widget elementor-widget-premium-addon-dual-header\" data-id=\"3257202d\" data-element_type=\"widget\" data-widget_type=\"premium-addon-dual-header.default\">\n\t\t\t\t<div class=\"elementor-widget-container\">\n\t\t\t\t\t\n\t\t\t\t\t<h1 class=\"premium-dual-header-first-header \"><span class=\"premium-dual-header-first-span\">PRE BLACK FRIDAY 2025 <\/span><span class=\"premium-dual-header-second-header \">laravital<\/span><\/h1> \t\t\n\t\t\t\t\t\t<\/div>\n\t\t\t\t<\/div>\n\t\t<div class=\"elementor-element elementor-element-2c99f01a e-flex e-con-boxed e-con e-child\" data-id=\"2c99f01a\" data-element_type=\"container\">\n\t\t\t\t\t<div class=\"e-con-inner\">\n\t\t\t\t<div class=\"elementor-element elementor-element-46ed546 elementor-widget__width-auto elementor-widget elementor-widget-heading\" data-id=\"46ed546\" data-element_type=\"widget\" data-widget_type=\"heading.default\">\n\t\t\t\t<div class=\"elementor-widget-container\">\n\t\t\t\t\t<h2 class=\"elementor-heading-title elementor-size-default\">Muito obrigado por te inscreveres!<\/h2>\t\t\t\t<\/div>\n\t\t\t\t<\/div>\n\t\t\t\t\t<\/div>\n\t\t\t\t<\/div>\n\t\t\t\t<div class=\"elementor-element elementor-element-806ea5f elementor-widget elementor-widget-text-editor\" data-id=\"806ea5f\" data-element_type=\"widget\" data-widget_type=\"text-editor.default\">\n\t\t\t\t<div class=\"elementor-widget-container\">\n\t\t\t\t\t\t\t\t\t<p>Envi\u00e1mos-te um e-mail com toda a informa\u00e7\u00e3o \u2014 certifica-te de que o recebeste para n\u00e3o perderes nada.<\/p>\t\t\t\t\t\t\t\t<\/div>\n\t\t\t\t<\/div>\n\t\t<div class=\"elementor-element elementor-element-0487582 e-con-full e-flex e-con e-child\" data-id=\"0487582\" data-element_type=\"container\">\n\t\t\t\t<\/div>\n\t\t\t\t\t<\/div>\n\t\t\t\t<\/div>\n\t\t\t\t<\/div>\n\t\t","protected":false},"excerpt":{"rendered":"<p>JUNTA-TE \u00c0 NOSSA LISTA PRE BLACK FRIDAY 2025 laravital Muito obrigado por te inscreveres! Envi\u00e1mos-te um e-mail com toda a informa\u00e7\u00e3o \u2014 certifica-te de que o recebeste para n\u00e3o perderes nada.<\/p>\n","protected":false},"author":5,"featured_media":0,"parent":0,"menu_order":0,"comment_status":"closed","ping_status":"closed","template":"elementor_header_footer","meta":{"site-sidebar-layout":"no-sidebar","site-content-layout":"page-builder","ast-global-header-display":"","ast-main-header-display":"disabled","ast-hfb-above-header-display":"","ast-hfb-below-header-display":"","ast-hfb-mobile-header-display":"disabled","site-post-title":"disabled","ast-breadcrumbs-content":"","ast-featured-img":"disabled","footer-sml-layout":"","theme-transparent-header-meta":"default","adv-header-id-meta":"","stick-header-meta":"default","header-above-stick-meta":"","header-main-stick-meta":"","header-below-stick-meta":"","footnotes":""},"class_list":["post-1008","page","type-page","status-publish","hentry"],"yoast_head":"<!-- This site is optimized with the Yoast SEO plugin v26.2 - https:\/\/yoast.com\/wordpress\/plugins\/seo\/ -->\n<title>Pr\u00e9-Black Friday Laravital | Adianta-te aos Descontos para o teu Patudo \ud83d\udc3e<\/title>\n<meta name=\"description\" content=\"Inscreve-te gratuitamente na lista VIP da Laravital e acede antes de todos a ofertas exclusivas em Naturextra e produtos naturais para c\u00e3es e gatos.\" \/>\n<meta name=\"robots\" content=\"index, follow, max-snippet:-1, max-image-preview:large, max-video-preview:-1\" \/>\n<link rel=\"canonical\" href=\"https:\/\/laravital.com\/blog\/pt-pt\/bf-2025-obrigado-por-te-inscreveres\/\" \/>\n<meta property=\"og:locale\" content=\"pt_PT\" \/>\n<meta property=\"og:type\" content=\"article\" \/>\n<meta property=\"og:title\" content=\"Pr\u00e9-Black Friday Laravital | Adianta-te aos Descontos para o teu Patudo \ud83d\udc3e\" \/>\n<meta property=\"og:description\" content=\"Inscreve-te gratuitamente na lista VIP da Laravital e acede antes de todos a ofertas exclusivas em Naturextra e produtos naturais para c\u00e3es e gatos.\" \/>\n<meta property=\"og:url\" content=\"https:\/\/laravital.com\/blog\/pt-pt\/bf-2025-obrigado-por-te-inscreveres\/\" \/>\n<meta property=\"og:site_name\" content=\"LaraVital Blog\" \/>\n<meta property=\"article:publisher\" content=\"https:\/\/www.facebook.com\/laravitaltienda\/\" \/>\n<meta property=\"article:modified_time\" content=\"2025-11-06T10:58:45+00:00\" \/>\n<meta property=\"og:image\" content=\"https:\/\/laravital.com\/blog\/wp-content\/uploads\/2025\/11\/BF-2025-300x300.png\" \/>\n<meta name=\"twitter:card\" content=\"summary_large_image\" \/>\n<meta name=\"twitter:site\" content=\"@laravitales\" \/>\n<script type=\"application\/ld+json\" class=\"yoast-schema-graph\">{\"@context\":\"https:\/\/schema.org\",\"@graph\":[{\"@type\":\"WebPage\",\"@id\":\"https:\/\/laravital.com\/blog\/pt-pt\/bf-2025-obrigado-por-te-inscreveres\/\",\"url\":\"https:\/\/laravital.com\/blog\/pt-pt\/bf-2025-obrigado-por-te-inscreveres\/\",\"name\":\"Pr\u00e9-Black Friday Laravital | Adianta-te aos Descontos para o teu Patudo \ud83d\udc3e\",\"isPartOf\":{\"@id\":\"https:\/\/laravital.wilfrido.es\/#website\"},\"primaryImageOfPage\":{\"@id\":\"https:\/\/laravital.com\/blog\/pt-pt\/bf-2025-obrigado-por-te-inscreveres\/#primaryimage\"},\"image\":{\"@id\":\"https:\/\/laravital.com\/blog\/pt-pt\/bf-2025-obrigado-por-te-inscreveres\/#primaryimage\"},\"thumbnailUrl\":\"https:\/\/laravital.com\/blog\/wp-content\/uploads\/2023\/01\/logoBlanco.png\",\"datePublished\":\"2025-11-06T10:14:19+00:00\",\"dateModified\":\"2025-11-06T10:58:45+00:00\",\"description\":\"Inscreve-te gratuitamente na lista VIP da Laravital e acede antes de todos a ofertas exclusivas em Naturextra e produtos naturais para c\u00e3es e gatos.\",\"breadcrumb\":{\"@id\":\"https:\/\/laravital.com\/blog\/pt-pt\/bf-2025-obrigado-por-te-inscreveres\/#breadcrumb\"},\"inLanguage\":\"pt-PT\",\"potentialAction\":[{\"@type\":\"ReadAction\",\"target\":[\"https:\/\/laravital.com\/blog\/pt-pt\/bf-2025-obrigado-por-te-inscreveres\/\"]}]},{\"@type\":\"ImageObject\",\"inLanguage\":\"pt-PT\",\"@id\":\"https:\/\/laravital.com\/blog\/pt-pt\/bf-2025-obrigado-por-te-inscreveres\/#primaryimage\",\"url\":\"https:\/\/laravital.com\/blog\/wp-content\/uploads\/2023\/01\/logoBlanco.png\",\"contentUrl\":\"https:\/\/laravital.com\/blog\/wp-content\/uploads\/2023\/01\/logoBlanco.png\"},{\"@type\":\"BreadcrumbList\",\"@id\":\"https:\/\/laravital.com\/blog\/pt-pt\/bf-2025-obrigado-por-te-inscreveres\/#breadcrumb\",\"itemListElement\":[{\"@type\":\"ListItem\",\"position\":1,\"name\":\"Portada\",\"item\":\"https:\/\/laravital.com\/blog\/pt-pt\/blog\/\"},{\"@type\":\"ListItem\",\"position\":2,\"name\":\"BF 2025 &#8211; Obrigado por te inscreveres\"}]},{\"@type\":\"WebSite\",\"@id\":\"https:\/\/laravital.wilfrido.es\/#website\",\"url\":\"https:\/\/laravital.wilfrido.es\/\",\"name\":\"LaraVital Blog\",\"description\":\"El blog canino m\u00e1s popular\",\"publisher\":{\"@id\":\"https:\/\/laravital.wilfrido.es\/#organization\"},\"potentialAction\":[{\"@type\":\"SearchAction\",\"target\":{\"@type\":\"EntryPoint\",\"urlTemplate\":\"https:\/\/laravital.wilfrido.es\/?s={search_term_string}\"},\"query-input\":{\"@type\":\"PropertyValueSpecification\",\"valueRequired\":true,\"valueName\":\"search_term_string\"}}],\"inLanguage\":\"pt-PT\"},{\"@type\":\"Organization\",\"@id\":\"https:\/\/laravital.wilfrido.es\/#organization\",\"name\":\"Laravital.com\",\"url\":\"https:\/\/laravital.wilfrido.es\/\",\"logo\":{\"@type\":\"ImageObject\",\"inLanguage\":\"pt-PT\",\"@id\":\"https:\/\/laravital.wilfrido.es\/#\/schema\/logo\/image\/\",\"url\":\"https:\/\/laravital.com\/blog\/wp-content\/uploads\/2023\/01\/cropped-cropped-laravital-logo.png\",\"contentUrl\":\"https:\/\/laravital.com\/blog\/wp-content\/uploads\/2023\/01\/cropped-cropped-laravital-logo.png\",\"width\":370,\"height\":94,\"caption\":\"Laravital.com\"},\"image\":{\"@id\":\"https:\/\/laravital.wilfrido.es\/#\/schema\/logo\/image\/\"},\"sameAs\":[\"https:\/\/www.facebook.com\/laravitaltienda\/\",\"https:\/\/x.com\/laravitales\",\"https:\/\/www.instagram.com\/laravitales\/\"]}]}<\/script>\n<!-- \/ Yoast SEO plugin. -->","yoast_head_json":{"title":"Pr\u00e9-Black Friday Laravital | Adianta-te aos Descontos para o teu Patudo \ud83d\udc3e","description":"Inscreve-te gratuitamente na lista VIP da Laravital e acede antes de todos a ofertas exclusivas em Naturextra e produtos naturais para c\u00e3es e gatos.","robots":{"index":"index","follow":"follow","max-snippet":"max-snippet:-1","max-image-preview":"max-image-preview:large","max-video-preview":"max-video-preview:-1"},"canonical":"https:\/\/laravital.com\/blog\/pt-pt\/bf-2025-obrigado-por-te-inscreveres\/","og_locale":"pt_PT","og_type":"article","og_title":"Pr\u00e9-Black Friday Laravital | Adianta-te aos Descontos para o teu Patudo \ud83d\udc3e","og_description":"Inscreve-te gratuitamente na lista VIP da Laravital e acede antes de todos a ofertas exclusivas em Naturextra e produtos naturais para c\u00e3es e gatos.","og_url":"https:\/\/laravital.com\/blog\/pt-pt\/bf-2025-obrigado-por-te-inscreveres\/","og_site_name":"LaraVital Blog","article_publisher":"https:\/\/www.facebook.com\/laravitaltienda\/","article_modified_time":"2025-11-06T10:58:45+00:00","og_image":[{"url":"https:\/\/laravital.com\/blog\/wp-content\/uploads\/2025\/11\/BF-2025-300x300.png","type":"","width":"","height":""}],"twitter_card":"summary_large_image","twitter_site":"@laravitales","schema":{"@context":"https:\/\/schema.org","@graph":[{"@type":"WebPage","@id":"https:\/\/laravital.com\/blog\/pt-pt\/bf-2025-obrigado-por-te-inscreveres\/","url":"https:\/\/laravital.com\/blog\/pt-pt\/bf-2025-obrigado-por-te-inscreveres\/","name":"Pr\u00e9-Black Friday Laravital | Adianta-te aos Descontos para o teu Patudo \ud83d\udc3e","isPartOf":{"@id":"https:\/\/laravital.wilfrido.es\/#website"},"primaryImageOfPage":{"@id":"https:\/\/laravital.com\/blog\/pt-pt\/bf-2025-obrigado-por-te-inscreveres\/#primaryimage"},"image":{"@id":"https:\/\/laravital.com\/blog\/pt-pt\/bf-2025-obrigado-por-te-inscreveres\/#primaryimage"},"thumbnailUrl":"https:\/\/laravital.com\/blog\/wp-content\/uploads\/2023\/01\/logoBlanco.png","datePublished":"2025-11-06T10:14:19+00:00","dateModified":"2025-11-06T10:58:45+00:00","description":"Inscreve-te gratuitamente na lista VIP da Laravital e acede antes de todos a ofertas exclusivas em Naturextra e produtos naturais para c\u00e3es e gatos.","breadcrumb":{"@id":"https:\/\/laravital.com\/blog\/pt-pt\/bf-2025-obrigado-por-te-inscreveres\/#breadcrumb"},"inLanguage":"pt-PT","potentialAction":[{"@type":"ReadAction","target":["https:\/\/laravital.com\/blog\/pt-pt\/bf-2025-obrigado-por-te-inscreveres\/"]}]},{"@type":"ImageObject","inLanguage":"pt-PT","@id":"https:\/\/laravital.com\/blog\/pt-pt\/bf-2025-obrigado-por-te-inscreveres\/#primaryimage","url":"https:\/\/laravital.com\/blog\/wp-content\/uploads\/2023\/01\/logoBlanco.png","contentUrl":"https:\/\/laravital.com\/blog\/wp-content\/uploads\/2023\/01\/logoBlanco.png"},{"@type":"BreadcrumbList","@id":"https:\/\/laravital.com\/blog\/pt-pt\/bf-2025-obrigado-por-te-inscreveres\/#breadcrumb","itemListElement":[{"@type":"ListItem","position":1,"name":"Portada","item":"https:\/\/laravital.com\/blog\/pt-pt\/blog\/"},{"@type":"ListItem","position":2,"name":"BF 2025 &#8211; Obrigado por te inscreveres"}]},{"@type":"WebSite","@id":"https:\/\/laravital.wilfrido.es\/#website","url":"https:\/\/laravital.wilfrido.es\/","name":"LaraVital Blog","description":"El blog canino m\u00e1s popular","publisher":{"@id":"https:\/\/laravital.wilfrido.es\/#organization"},"potentialAction":[{"@type":"SearchAction","target":{"@type":"EntryPoint","urlTemplate":"https:\/\/laravital.wilfrido.es\/?s={search_term_string}"},"query-input":{"@type":"PropertyValueSpecification","valueRequired":true,"valueName":"search_term_string"}}],"inLanguage":"pt-PT"},{"@type":"Organization","@id":"https:\/\/laravital.wilfrido.es\/#organization","name":"Laravital.com","url":"https:\/\/laravital.wilfrido.es\/","logo":{"@type":"ImageObject","inLanguage":"pt-PT","@id":"https:\/\/laravital.wilfrido.es\/#\/schema\/logo\/image\/","url":"https:\/\/laravital.com\/blog\/wp-content\/uploads\/2023\/01\/cropped-cropped-laravital-logo.png","contentUrl":"https:\/\/laravital.com\/blog\/wp-content\/uploads\/2023\/01\/cropped-cropped-laravital-logo.png","width":370,"height":94,"caption":"Laravital.com"},"image":{"@id":"https:\/\/laravital.wilfrido.es\/#\/schema\/logo\/image\/"},"sameAs":["https:\/\/www.facebook.com\/laravitaltienda\/","https:\/\/x.com\/laravitales","https:\/\/www.instagram.com\/laravitales\/"]}]}},"_links":{"self":[{"href":"https:\/\/laravital.com\/blog\/pt-pt\/wp-json\/wp\/v2\/pages\/1008","targetHints":{"allow":["GET"]}}],"collection":[{"href":"https:\/\/laravital.com\/blog\/pt-pt\/wp-json\/wp\/v2\/pages"}],"about":[{"href":"https:\/\/laravital.com\/blog\/pt-pt\/wp-json\/wp\/v2\/types\/page"}],"author":[{"embeddable":true,"href":"https:\/\/laravital.com\/blog\/pt-pt\/wp-json\/wp\/v2\/users\/5"}],"replies":[{"embeddable":true,"href":"https:\/\/laravital.com\/blog\/pt-pt\/wp-json\/wp\/v2\/comments?post=1008"}],"version-history":[{"count":1,"href":"https:\/\/laravital.com\/blog\/pt-pt\/wp-json\/wp\/v2\/pages\/1008\/revisions"}],"predecessor-version":[{"id":1009,"href":"https:\/\/laravital.com\/blog\/pt-pt\/wp-json\/wp\/v2\/pages\/1008\/revisions\/1009"}],"wp:attachment":[{"href":"https:\/\/laravital.com\/blog\/pt-pt\/wp-json\/wp\/v2\/media?parent=1008"}],"curies":[{"name":"wp","href":"https:\/\/api.w.org\/{rel}","templated":true}]}}